{"id":1701,"date":"2018-08-01T02:26:16","date_gmt":"2018-08-01T02:26:16","guid":{"rendered":"http:\/\/demo2.steelthemes.com\/delaware\/?page_id=1701"},"modified":"2023-03-20T07:09:21","modified_gmt":"2023-03-20T07:09:21","slug":"taxe","status":"publish","type":"page","link":"https:\/\/www.asociatiaudi.ro\/zgn2023\/taxe\/","title":{"rendered":"Taxe de participare"},"content":{"rendered":"<p>[vc_row full_width=&#8221;stretch_row_content_no_spaces&#8221; disable_element=&#8221;yes&#8221; css=&#8221;.vc_custom_1641961715681{margin-top: -100px !important;}&#8221;][vc_column][vc_custom_heading text=&#8221;Datele de logare la Conferin\u021ba de dermatologie Zilele &#8222;Gh. Nastase&#8222; editia 2022 le ve\u021bi primi cu o zi \u00eenainte de debut pe adresa de email folosit\u0103 la \u00eenregistrarea on-line, respectiv luni, 17 mai 2021 !&#8221; font_container=&#8221;tag:h3|font_size:17px|text_align:center|color:%23ffffff&#8221; use_theme_fonts=&#8221;yes&#8221; css=&#8221;.vc_custom_1641814616793{padding-top: 21px !important;padding-bottom: 21px !important;background-color: #dd3333 !important;}&#8221;][\/vc_column][\/vc_row][vc_row css=&#8221;.vc_custom_1639654687181{margin-top: 55px !important;}&#8221;][vc_column][vc_column_text]<\/p>\n<p style=\"text-align: center;\"><span style=\"color: #000000; font-family: Poppins, sans-serif; font-size: 24px; font-weight: 600;\">TAXE DE PARTICIPARE<\/span><\/p>\n<p>&nbsp;<\/p>\n<p style=\"text-align: center;\"><span style=\"color: #000000;\">Dragi colegi,<\/span><\/p>\n<p style=\"text-align: center;\"><span style=\"color: #000000;\">\u00cencep\u00e2nd cu data de 19 martie 2023 sist\u0103m \u00eenscrierile on-line, dar v\u0103 a\u0219tept\u0103m la debutul conferin\u021bei, \u00een data de 29 martie pentru a v\u0103 \u00eenregistra pe loc la departamentul secretariat al evenimentului.<\/span><\/p>\n<p>&nbsp;<\/p>\n<p><center><span style=\"text-decoration: underline;\"><span style=\"color: #ff0000; text-decoration: underline;\"><strong>Inregistrarea online nu este valida fara realizarea platii!<\/strong><\/span><\/span><\/center>&nbsp;<\/p>\n<div><\/div>\n<div class=\"fw-row\">\n<div class=\"fw-col-xs-12 \">\n<div class=\"textblock-shortcode clear\">\n<table class=\" aligncenter\" width=\"650\">\n<tbody>\n<tr>\n<td style=\"text-align: center;\" width=\"149\"><\/td>\n<td style=\"text-align: center;\" width=\"180\"><span style=\"color: #000000;\"><strong>P\u00c2N\u0102 LA DATA DE 31 IANUARIE 2023<\/strong><\/span><\/td>\n<td style=\"text-align: center;\" width=\"180\"><span style=\"color: #000000;\"><strong>P\u00c2N\u0102 LA\u00a0 DATA DE 28 FEBRUARIE \u00a02023<\/strong><\/span><\/td>\n<td style=\"text-align: center;\" width=\"142\">\n<div class=\"x1g8br2z x1gn5b1j x14ctfv x1okitfd x6ikm8r x10wlt62 x1mzt3pk x1y1aw1k xn6708d xwib8y2 x1ye3gou x1n2onr6 x13faqbe x1vjfegm x1lcm9me x10y3i5r\" role=\"none\">\n<div class=\"x9f619 x1n2onr6 x1ja2u2z __fb-light-mode\" role=\"none\">\n<div class=\"x6prxxf x1fc57z9 x1yc453h x126k92a xzsf02u\" dir=\"auto\" role=\"none\"><span style=\"color: #000000;\"><strong>P\u00c2N\u0102 LA DATA DE 19 MARTIE 2023 \u0218I PE LOC<\/strong><\/span><\/div>\n<\/div>\n<\/div>\n<div class=\"x1h91t0o xkh2ocl x78zum5 xdt5ytf x13a6bvl x193iq5w x1iyjqo2 xcrg951\" role=\"none\"><\/div>\n<\/td>\n<\/tr>\n<tr>\n<td style=\"text-align: center;\" width=\"149\"><span style=\"color: #000000;\"><strong>MEDICI PRIMARI<\/strong><\/span><\/td>\n<td style=\"text-align: center;\" width=\"180\"><span style=\"color: #000000;\">250 RON<\/span><\/td>\n<td style=\"text-align: center;\" width=\"180\"><span style=\"color: #000000;\">280 RON<\/span><\/td>\n<td style=\"text-align: center;\" width=\"142\"><span style=\"color: #000000;\">300 RON<\/span><\/td>\n<\/tr>\n<tr>\n<td style=\"text-align: center;\" width=\"149\"><span style=\"color: #000000;\"><strong>MEDICI SPECIALI\u0218TI<\/strong><\/span><\/td>\n<td style=\"text-align: center;\" width=\"180\"><span style=\"color: #000000;\">250 RON<\/span><\/td>\n<td style=\"text-align: center;\" width=\"180\"><span style=\"color: #000000;\">280 RON<\/span><\/td>\n<td style=\"text-align: center;\" width=\"142\"><span style=\"color: #000000;\">300 RON<\/span><\/td>\n<\/tr>\n<tr>\n<td style=\"text-align: center;\" width=\"149\"><span style=\"color: #000000;\"><strong>MEDICI REZIDEN\u021aI<\/strong><\/span><\/td>\n<td style=\"text-align: center;\" width=\"180\"><span style=\"color: #000000;\">150 RON<\/span><\/td>\n<td style=\"text-align: center;\" width=\"180\"><span style=\"color: #000000;\">180 RON<\/span><\/td>\n<td style=\"text-align: center;\" width=\"142\"><span style=\"color: #000000;\">200 RON<\/span><\/td>\n<\/tr>\n<tr>\n<td style=\"text-align: center;\" width=\"149\"><span style=\"color: #000000;\"><strong>ASISTEN\u021aI MEDICALI<\/strong><\/span><\/td>\n<td style=\"text-align: center;\" width=\"180\"><span style=\"color: #000000;\">50 RON<\/span><\/td>\n<td style=\"text-align: center;\" width=\"180\"><span style=\"color: #000000;\">50 RON<\/span><\/td>\n<td style=\"text-align: center;\" width=\"142\"><span style=\"color: #000000;\">50 RON<\/span><\/td>\n<\/tr>\n<tr>\n<td style=\"text-align: center;\" width=\"149\"><span style=\"color: #000000;\"><strong>PENSIONARI<\/strong><\/span><\/td>\n<td style=\"text-align: center;\" width=\"180\"><span style=\"color: #000000;\">100 RON<\/span><\/td>\n<td style=\"text-align: center;\" width=\"180\"><span style=\"color: #000000;\">100 RON<\/span><\/td>\n<td style=\"text-align: center;\" width=\"142\"><span style=\"color: #000000;\">100 RON<\/span><\/td>\n<\/tr>\n<tr>\n<td style=\"text-align: center;\" width=\"149\"><span style=\"color: #000000;\"><strong>STUDEN\u021aI<\/strong><\/span><\/td>\n<td style=\"text-align: center;\" width=\"180\"><span style=\"color: #000000;\">GRATUIT<\/span><\/td>\n<td style=\"text-align: center;\" width=\"180\"><span style=\"color: #000000;\">GRATUIT<\/span><\/td>\n<td style=\"text-align: center;\" width=\"142\"><span style=\"color: #000000;\">GRATUIT<\/span><\/td>\n<\/tr>\n<tr>\n<td style=\"text-align: center;\" width=\"149\"><\/td>\n<td style=\"text-align: center;\" width=\"180\"><span style=\"color: #000000;\">Asigur\u0103m materialele conferin\u021bei.<\/span><\/td>\n<td style=\"text-align: center;\" width=\"180\"><span style=\"color: #000000;\">Aigur\u0103m materialele conferin\u021bei.<\/span><\/td>\n<td style=\"text-align: center;\" width=\"142\"><span style=\"color: #000000;\">Nu asigur\u0103m materialele conferin\u021bei.<\/span><\/td>\n<\/tr>\n<\/tbody>\n<\/table>\n<\/div>\n<div><\/div>\n<div class=\"textblock-shortcode clear\">\n<p>&nbsp;<\/p>\n<p><strong><span style=\"color: #000000;\">\u00cenregistrarea on-line \u0219i plata taxei de participare.<\/span><\/strong><\/p>\n<p><span style=\"color: #000000;\">*Edi\u021bia 2023 a Conferin\u021bei de dermatologie Zilele \u201dGh. N\u0103stase\u201d se va desf\u0103\u0219ura in format exclusiv fizic, la Hotel Interna\u021bional Ia\u0219i.<\/span><br \/>\n<span style=\"color: #000000;\">*\u00censcrierea p\u00e2n\u0103 la data de 28 FEBRUARIE 2023 asigur\u0103 mapa \u0219i materialele conferin\u021bei.<\/span><br \/>\n<span style=\"color: #000000;\">*\u00censcrierea dup\u0103 data de 28 FEBRUARIE nu asigur\u0103 mapa conferin\u021bei.<\/span><br \/>\n<span style=\"color: #000000;\">*\u00censcrierea pe loc nu asigur\u0103 mapa conferin\u021bei.<\/span><br \/>\n<span style=\"color: #000000;\">*Plata taxei f\u0103r\u0103 \u00eenscrierea on-line nu este valid\u0103.<\/span><br \/>\n<span style=\"color: #000000;\">*Serviciile pe care le oferim \u00een cuantumul taxei de participare:<\/span><br \/>\n<span style=\"color: #000000;\">\u2013 accesul in format fizic la lucr\u0103rile \u0219tiin\u021bifice;<\/span><br \/>\n<span style=\"color: #000000;\">\u2013 accesul in formatfizic la expozi\u021bia medical\u0103;<\/span><br \/>\n<span style=\"color: #000000;\">\u2013 certificatul de participare cu credite EMC.<\/span><br \/>\n<span style=\"color: #000000;\">*Plata taxei f\u0103r\u0103 \u00eenregistrarea on-line nu este valid\u0103.<\/span><\/p>\n<p>&nbsp;<\/p>\n<\/div>\n<\/div>\n<\/div>\n<div class=\"fw-row\">\n<div class=\"fw-col-xs-12 \">\n<div class=\"textblock-shortcode clear\">\n<hr \/>\n<\/div>\n<div class=\"textblock-shortcode clear\">\n<p>&nbsp;<\/p>\n<p><span style=\"color: #000000;\"><strong>Creditele EMC se acorda dor medicilor ce sunt \u00eenscri\u0219i in Colegiul Medicilor Rom\u00e2nia, care implicit de\u021bin cod CUIM !<\/strong><\/span><\/p>\n<\/div>\n<\/div>\n<\/div>\n<p>[\/vc_column_text][\/vc_column][\/vc_row]<\/p>\n","protected":false},"excerpt":{"rendered":"<p>[vc_row full_width=&#8221;stretch_row_content_no_spaces&#8221; disable_element=&#8221;yes&#8221; css=&#8221;.vc_custom_1641961715681{margin-top: -100px !important;}&#8221;][vc_column][vc_custom_heading text=&#8221;Datele de logare la Conferin\u021ba de dermatologie Zilele &#8222;Gh. Nastase&#8222; editia 2022 le ve\u021bi primi cu o zi \u00eenainte de debut pe adresa de email folosit\u0103 la \u00eenregistrarea on-line, respectiv luni, 17 mai 2021 !&#8221; font_container=&#8221;tag:h3|font_size:17px|text_align:center|color:%23ffffff&#8221; use_theme_fonts=&#8221;yes&#8221; css=&#8221;.vc_custom_1641814616793{padding-top: 21px !important;padding-bottom: 21px !important;background-color: #dd3333 !important;}&#8221;][\/vc_column][\/vc_row][vc_row css=&#8221;.vc_custom_1639654687181{margin-top: 55px !important;}&#8221;][vc_column][vc_column_text] TAXE DE [&hellip;]<\/p>\n","protected":false},"author":1,"featured_media":0,"parent":0,"menu_order":0,"comment_status":"closed","ping_status":"closed","template":"","meta":{"footnotes":""},"class_list":["post-1701","page","type-page","status-publish","hentry","no-thumb"],"_links":{"self":[{"href":"https:\/\/www.asociatiaudi.ro\/zgn2023\/wp-json\/wp\/v2\/pages\/1701","targetHints":{"allow":["GET"]}}],"collection":[{"href":"https:\/\/www.asociatiaudi.ro\/zgn2023\/wp-json\/wp\/v2\/pages"}],"about":[{"href":"https:\/\/www.asociatiaudi.ro\/zgn2023\/wp-json\/wp\/v2\/types\/page"}],"author":[{"embeddable":true,"href":"https:\/\/www.asociatiaudi.ro\/zgn2023\/wp-json\/wp\/v2\/users\/1"}],"replies":[{"embeddable":true,"href":"https:\/\/www.asociatiaudi.ro\/zgn2023\/wp-json\/wp\/v2\/comments?post=1701"}],"version-history":[{"count":44,"href":"https:\/\/www.asociatiaudi.ro\/zgn2023\/wp-json\/wp\/v2\/pages\/1701\/revisions"}],"predecessor-version":[{"id":3601,"href":"https:\/\/www.asociatiaudi.ro\/zgn2023\/wp-json\/wp\/v2\/pages\/1701\/revisions\/3601"}],"wp:attachment":[{"href":"https:\/\/www.asociatiaudi.ro\/zgn2023\/wp-json\/wp\/v2\/media?parent=1701"}],"curies":[{"name":"wp","href":"https:\/\/api.w.org\/{rel}","templated":true}]}}