{"id":3012,"date":"2022-02-22T07:54:47","date_gmt":"2022-02-22T07:54:47","guid":{"rendered":"https:\/\/www.asociatiaudi.ro\/zgn2022\/?page_id=3012"},"modified":"2023-01-06T13:40:11","modified_gmt":"2023-01-06T13:40:11","slug":"termeni-si-conditii-de-participare","status":"publish","type":"page","link":"https:\/\/www.asociatiaudi.ro\/zgn2023\/termeni-si-conditii-de-participare\/","title":{"rendered":"Termeni si conditii de participare"},"content":{"rendered":"<p><span style=\"color: #000000;\">Stima\u021bi participan\u021bi,<\/span><\/p>\n<p><span style=\"color: #000000;\">\u00cen momentul \u00een care efectua\u021bi \u00eenregistrarea on-line, \u00een cadrul acestui eveniment se creeaz\u0103 o rela\u021bie contractual\u0103 \u00eentre d-voastr\u0103 \u0219i \u00eentre organizatorul logistic al evenimentului.<\/span><\/p>\n<p><span style=\"color: #000000;\">Astfel vom agrea urmatorii\u00a0 &#8211; Termeni \u0219i Condi\u021bii generale.<\/span><\/p>\n<p><span style=\"color: #000000;\"><strong>Termeni \u0219i condi\u021bii generale<\/strong><\/span><\/p>\n<ul>\n<li><span style=\"color: #000000;\"><strong>\u00cenregistrare <\/strong><\/span><\/li>\n<\/ul>\n<p><span style=\"color: #000000;\">\u00cenregistrarea se va efectua electronic, utiliz\u00e2nd formularul de \u00eenregistrare disponibil pe site.<\/span><\/p>\n<p><span style=\"color: #000000;\">V\u0103 rug\u0103m ca toate datele completate s\u0103 fie verificate, pentru a fi corecte !<\/span><\/p>\n<p><span style=\"color: #000000;\">\u00cenregistr\u0103rile f\u0103r\u0103 datele complete ale participantului pot crea disensuni legate de transmiterea datelor de logare la eveniment, de eliberarea certificatelor de participare, de validarea \u00eenregistr\u0103rii on-line.<\/span><\/p>\n<p><span style=\"color: #000000;\">\u00cenregistrarea on-line nu este valid\u0103 dac\u0103 nu este efectuat\u0103 plata taxei de participare, respectiv dac\u0103 nu completa\u021bi c\u00e2mpul \u00een care se solicit\u0103 detalii bancare.<\/span><\/p>\n<p><span style=\"color: #000000;\">La \u00eenregistrare, participantul va primi un e-mail de confirmare a \u00eenregistr\u0103rii in maxim 5 minute de le efectuarea ei. C\u0103uta\u021bi acest email \u0219i \u00een SPAM, fi\u021bi aten\u021bi la adresa de email completat\u0103, s\u0103 nu fie gre\u0219it\u0103, \u00een acest caz nu ve\u021bi putea recep\u021biona nici emailul de confirmare, nici datele de logare.<\/span><\/p>\n<p><span style=\"color: #000000;\">\u00cen cazul \u00een care nu primi\u021bi acest email de confirmare repeteta\u021bi \u00eenscrierea on-line!<\/span><\/p>\n<ul>\n<li><span style=\"color: #000000;\"><strong>Plata<\/strong><\/span><\/li>\n<\/ul>\n<p><span style=\"color: #000000;\">Plata se efectueaz\u0103 \u00een contul bancar pus la dispozi\u021bie pe site.<\/span><\/p>\n<p><span style=\"color: #000000;\">Efectuarea \u00eenregistr\u0103rii f\u0103r\u0103 achitarea taxei de participare nu este valid\u0103 !<\/span><\/p>\n<ul>\n<li><span style=\"color: #000000;\"><strong>Date personale<\/strong><\/span><\/li>\n<\/ul>\n<p><span style=\"color: #000000;\">\u00cen vederea eliber\u0103rii certificatului de participare, v\u0103 inform\u0103m c\u0103 este obligatorie transmiterea codului CUIM, respectiv Codul Unic de Identificare al Medicului ce se reg\u0103se\u0219te pe certificatul de membru al CMR, de c\u0103tre participan\u021bii medici rom\u00e2ni \u020bn cadrul formularului de \u020bnregistrare.<\/span><\/p>\n<p><span style=\"color: #000000;\">\u00cen cazul \u00een care nu detine\u021bi acest cod \u00a0CUIM sau nu sunte\u021bi membru al Colegiului Medicilor din Romania, vom elibera, la cerere, certificate f\u0103r\u0103 credite EMC.<\/span><\/p>\n<p><span style=\"color: #000000;\">\u00cen aceste condi\u021bii este obligatorie \u020bnregistrarea\u00a0 la eveniment \u015fi plata taxei de participare corespunz\u0103toare.<\/span><\/p>\n<ul>\n<li><span style=\"color: #000000;\"><strong>Anularea particip\u0103rii<\/strong><\/span><\/li>\n<\/ul>\n<p><span style=\"color: #000000;\">\u00cen cazul \u00een care dori\u021bi anularea particip\u0103rii \u00een cadrul evenimentului, v\u0103 rug\u0103m s\u0103 transmite\u021bi un email organizatorului logistic HIGH LIFE EVENTS la adresa de e-mail\u00a0&#8211; <a style=\"color: #000000;\" href=\"mailto:office@highlife-events.ro\">office@highlife-events.ro<\/a>.<\/span><\/p>\n<p><span style=\"color: #000000;\">Putem restitui suma achitat\u0103 ini\u021bial minus o tax\u0103 de 40 lei( ce reprezint\u0103 taxele bancare \u0219i administrative ) \u00a0p\u00e2n\u0103 la data de 1 MARTIE\u00a0 2022.<\/span><\/p>\n<p><span style=\"color: #000000;\">Dup\u0103 aceast\u0103 dat\u0103, nu mai putem restitui suma achitat\u0103 !<\/span><\/p>\n<ul>\n<li><span style=\"color: #000000;\"><strong>Certificatele de participare<\/strong><\/span><\/li>\n<\/ul>\n<p><span style=\"color: #000000;\">Certificatele de participare se vor desc\u0103rca \u00een format virtual dup\u0103 o prealabil\u0103 completare a chestionarului eliberat \u0219i impus de c\u0103tre Colegiul Medicilor Rom\u00e2nia.<\/span><\/p>\n<p><span style=\"color: #000000;\">Termenul de eliberare este de maxim 30 de zile lucr\u0103toarea de la finalizarea evenimentului.<\/span><\/p>\n<p><span style=\"color: #000000;\">Pe adresa de email folosit\u0103 la \u00eenregistrarea on-line ve\u021bi primi linkul de desc\u0103rcare al certificatelor.<\/span><\/p>\n<p><span style=\"color: #000000;\">Pentru diferite probleme organizatorice legate de eliberarea certificatelor solu\u021bion\u0103m aceste aspecte \u00een maxim 60 de zile de la finalizarea evenimentului.<\/span><\/p>\n<ul>\n<li><span style=\"color: #000000;\"><strong>Participarea la eveniment <\/strong><\/span><\/li>\n<\/ul>\n<p><span style=\"color: #000000;\">Prezen\u021ba la toate sesiunile \u0219tiin\u021bifice este absolut obligatorie pentru eliberarea certificatelor de participare !<\/span><\/p>\n<p><span style=\"color: #000000;\"><strong>Adresabilitate<\/strong><\/span><\/p>\n<p><span style=\"color: #000000;\">Evenimentul este dedicat exclusiv profesionistilor din domeniul sanatatii.\u00a0<\/span><\/p>\n<p><span style=\"color: #000000;\">Accesul la simpozionale de companie este facilitatat\u00a0 doar profesionistilor din domeniul sananatatii conform Legii 95\/2006.<\/span><\/p>\n<p><span style=\"color: #000000;\"><strong>\u00a0<\/strong><\/span><\/p>\n","protected":false},"excerpt":{"rendered":"<p>Stima\u021bi participan\u021bi, \u00cen momentul \u00een care efectua\u021bi \u00eenregistrarea on-line, \u00een cadrul acestui eveniment se creeaz\u0103 o rela\u021bie contractual\u0103 \u00eentre d-voastr\u0103 \u0219i \u00eentre organizatorul logistic al evenimentului. Astfel vom agrea urmatorii\u00a0 &#8211; Termeni \u0219i Condi\u021bii generale. Termeni \u0219i condi\u021bii generale \u00cenregistrare \u00cenregistrarea se va efectua electronic, utiliz\u00e2nd formularul de \u00eenregistrare disponibil pe site. V\u0103 rug\u0103m ca [&hellip;]<\/p>\n","protected":false},"author":1,"featured_media":0,"parent":0,"menu_order":0,"comment_status":"closed","ping_status":"closed","template":"","meta":{"footnotes":""},"class_list":["post-3012","page","type-page","status-publish","hentry","no-thumb"],"_links":{"self":[{"href":"https:\/\/www.asociatiaudi.ro\/zgn2023\/wp-json\/wp\/v2\/pages\/3012","targetHints":{"allow":["GET"]}}],"collection":[{"href":"https:\/\/www.asociatiaudi.ro\/zgn2023\/wp-json\/wp\/v2\/pages"}],"about":[{"href":"https:\/\/www.asociatiaudi.ro\/zgn2023\/wp-json\/wp\/v2\/types\/page"}],"author":[{"embeddable":true,"href":"https:\/\/www.asociatiaudi.ro\/zgn2023\/wp-json\/wp\/v2\/users\/1"}],"replies":[{"embeddable":true,"href":"https:\/\/www.asociatiaudi.ro\/zgn2023\/wp-json\/wp\/v2\/comments?post=3012"}],"version-history":[{"count":5,"href":"https:\/\/www.asociatiaudi.ro\/zgn2023\/wp-json\/wp\/v2\/pages\/3012\/revisions"}],"predecessor-version":[{"id":3441,"href":"https:\/\/www.asociatiaudi.ro\/zgn2023\/wp-json\/wp\/v2\/pages\/3012\/revisions\/3441"}],"wp:attachment":[{"href":"https:\/\/www.asociatiaudi.ro\/zgn2023\/wp-json\/wp\/v2\/media?parent=3012"}],"curies":[{"name":"wp","href":"https:\/\/api.w.org\/{rel}","templated":true}]}}